{"id":14,"date":"2016-05-25T14:12:58","date_gmt":"2016-05-25T17:12:58","guid":{"rendered":"http:\/\/hoteloliveiras.com\/?page_id=14"},"modified":"2017-09-25T09:34:07","modified_gmt":"2017-09-25T12:34:07","slug":"o-hotel","status":"publish","type":"page","link":"https:\/\/hoteloliveiras.com\/?page_id=14","title":{"rendered":"O Hotel"},"content":{"rendered":"<p>O<strong> Hotel Oliveiras<\/strong> \u00e9 uma empresa criada com o objetivo de levar Conforto, Acessibilidade, Seguran\u00e7a e Qualidade a todas as pessoas que visitam a cidade de Trindade.<\/p>\n<p>Contamos&nbsp;com apartamentos para&nbsp;casais, duplos, triplos e qu\u00e1druplos, sendo todos su\u00edtes com ar condicionado, TV, m\u00f3veis planejados, enxoval anti-al\u00e9rgico, \u00e1rea social, estacionamento pr\u00f3prio, WiFi, Aquecimento Solar e Elevador.<\/p>\n<p>O Hotel Oliveiras conta com restaurante completo, fornecendo Caf\u00e9 da Manh\u00e3 (incluso na di\u00e1ria), almo\u00e7o e jantar.<\/p>\n<p>O Hotel Oliveiras est\u00e1 localizado&nbsp;em frente ao p\u00e1tio da Bas\u00edlica do Divino Pai Eterno e a Casa dos Padres.<\/p>\n<p>Conhe\u00e7a nossas tarifas promocionais para excurs\u00f5es e pessoas interessadas no Turismo Religioso. Imperd\u00edveis!!!<\/p>\n<p>Assista ao nosso v\u00eddeo:<\/p>\n<p><iframe loading=\"lazy\" width=\"750\" height=\"422\" src=\"https:\/\/www.youtube.com\/embed\/_Wi7PBq27Vs?feature=oembed\" frameborder=\"0\" allowfullscreen><\/iframe><\/p>\n<blockquote><p>Entre em contato agora:<\/p>\n<p class=\"ReservaTopo\"><strong>Reservas: <a href=\"tel:+556235053877\">62 3505-3877<\/a> \/ <a href=\"tel:+5562985887350\">9.8588-7350 <\/a> <i class=\"fa fa-whatsapp\" aria-hidden=\"true\"><\/i><\/strong><\/p>\n<\/blockquote>\n","protected":false},"excerpt":{"rendered":"<p>O Hotel Oliveiras iniciou suas atividades em junho de 2016, j\u00e1 atendendo os devotos em romaria nas comemora\u00e7\u00f5es religiosas deste ano com qualidade e conforto<\/p>\n","protected":false},"author":2,"featured_media":524,"parent":0,"menu_order":0,"comment_status":"closed","ping_status":"closed","template":"","meta":{"ngg_post_thumbnail":0,"footnotes":""},"class_list":["post-14","page","type-page","status-publish","has-post-thumbnail","hentry"],"_links":{"self":[{"href":"https:\/\/hoteloliveiras.com\/index.php?rest_route=\/wp\/v2\/pages\/14","targetHints":{"allow":["GET"]}}],"collection":[{"href":"https:\/\/hoteloliveiras.com\/index.php?rest_route=\/wp\/v2\/pages"}],"about":[{"href":"https:\/\/hoteloliveiras.com\/index.php?rest_route=\/wp\/v2\/types\/page"}],"author":[{"embeddable":true,"href":"https:\/\/hoteloliveiras.com\/index.php?rest_route=\/wp\/v2\/users\/2"}],"replies":[{"embeddable":true,"href":"https:\/\/hoteloliveiras.com\/index.php?rest_route=%2Fwp%2Fv2%2Fcomments&post=14"}],"version-history":[{"count":2,"href":"https:\/\/hoteloliveiras.com\/index.php?rest_route=\/wp\/v2\/pages\/14\/revisions"}],"predecessor-version":[{"id":816,"href":"https:\/\/hoteloliveiras.com\/index.php?rest_route=\/wp\/v2\/pages\/14\/revisions\/816"}],"wp:featuredmedia":[{"embeddable":true,"href":"https:\/\/hoteloliveiras.com\/index.php?rest_route=\/wp\/v2\/media\/524"}],"wp:attachment":[{"href":"https:\/\/hoteloliveiras.com\/index.php?rest_route=%2Fwp%2Fv2%2Fmedia&parent=14"}],"curies":[{"name":"wp","href":"https:\/\/api.w.org\/{rel}","templated":true}]}}